{"id":633,"date":"2020-10-13T09:00:26","date_gmt":"2020-10-13T09:00:26","guid":{"rendered":"http:\/\/localhost\/razzi\/?page_id=633"},"modified":"2023-03-23T22:09:26","modified_gmt":"2023-03-23T22:09:26","slug":"about-us","status":"publish","type":"page","link":"https:\/\/anayasegurosconsultores.com\/?page_id=633","title":{"rendered":"About Us"},"content":{"rendered":"\t\t<div data-elementor-type=\"wp-page\" data-elementor-id=\"633\" class=\"elementor elementor-633\">\n\t\t\t\t\t\t<section class=\"elementor-section elementor-top-section elementor-element elementor-element-695d9620 elementor-section-boxed elementor-section-height-default elementor-section-height-default\" data-id=\"695d9620\" data-element_type=\"section\">\n\t\t\t\t\t\t<div class=\"elementor-container elementor-column-gap-extended\">\n\t\t\t\t\t<div class=\"elementor-column elementor-col-50 elementor-top-column elementor-element elementor-element-3ab8bd90\" data-id=\"3ab8bd90\" data-element_type=\"column\">\n\t\t\t<div class=\"elementor-widget-wrap elementor-element-populated\">\n\t\t\t\t\t\t<div class=\"elementor-element elementor-element-79de2f57 elementor-widget elementor-widget-image\" data-id=\"79de2f57\" data-element_type=\"widget\" data-widget_type=\"image.default\">\n\t\t\t\t<div class=\"elementor-widget-container\">\n\t\t\t\t\t\t\t\t\t\t\t\t\t<img decoding=\"async\" src=\"https:\/\/anayasegurosconsultores.com\/wp-content\/uploads\/2023\/03\/Agente-profesional-de-Seguros-desde-1.png\" title=\"\" alt=\"\" loading=\"lazy\" \/>\t\t\t\t\t\t\t\t\t\t\t\t\t<\/div>\n\t\t\t\t<\/div>\n\t\t\t\t\t<\/div>\n\t\t<\/div>\n\t\t\t\t<div class=\"elementor-column elementor-col-50 elementor-top-column elementor-element elementor-element-6e3daedb\" data-id=\"6e3daedb\" data-element_type=\"column\">\n\t\t\t<div class=\"elementor-widget-wrap elementor-element-populated\">\n\t\t\t\t\t\t<div class=\"elementor-element elementor-element-5904d5cf elementor-widget elementor-widget-heading\" data-id=\"5904d5cf\" data-element_type=\"widget\" data-widget_type=\"heading.default\">\n\t\t\t\t<div class=\"elementor-widget-container\">\n\t\t\t<h6 class=\"elementor-heading-title elementor-size-default\">Dalila Anaya Urbina<\/h6>\t\t<\/div>\n\t\t\t\t<\/div>\n\t\t\t\t<div class=\"elementor-element elementor-element-56e64a63 elementor-widget elementor-widget-heading\" data-id=\"56e64a63\" data-element_type=\"widget\" data-widget_type=\"heading.default\">\n\t\t\t\t<div class=\"elementor-widget-container\">\n\t\t\t<h3 class=\"elementor-heading-title elementor-size-default\">Sobre m\u00ed<\/h3>\t\t<\/div>\n\t\t\t\t<\/div>\n\t\t\t\t<div class=\"elementor-element elementor-element-ec0bd3f elementor-widget elementor-widget-text-editor\" data-id=\"ec0bd3f\" data-element_type=\"widget\" data-widget_type=\"text-editor.default\">\n\t\t\t\t<div class=\"elementor-widget-container\">\n\t\t\t\t\t\t\t<p>Actualmente en Anaya Seguros Consultores trabajamos con 6 compa\u00f1\u00edas de seguros en los diferentes ramos como son: Vida, Ahorro, Retiro, Seguro de Estudios Profesionales, Gastos M\u00e9dicos, Autos, Da\u00f1os PYME, Hogar, etc.<\/p><p>Nuestro mayor objetivo es dar la mejor asesor\u00eda y servicio en la contrataci\u00f3n de cualquiera de los seguros antes mencionados, as\u00ed como el acompa\u00f1amiento en caso de utilizarse alguno de ellos, para la plena satisfacci\u00f3n del cliente.<\/p>\t\t\t\t\t\t<\/div>\n\t\t\t\t<\/div>\n\t\t\t\t\t<\/div>\n\t\t<\/div>\n\t\t\t\t\t<\/div>\n\t\t<\/section>\n\t\t\t\t<section class=\"elementor-section elementor-top-section elementor-element elementor-element-98ff0c3 elementor-section-boxed elementor-section-height-default elementor-section-height-default\" data-id=\"98ff0c3\" data-element_type=\"section\">\n\t\t\t\t\t\t<div class=\"elementor-container elementor-column-gap-default\">\n\t\t\t\t\t<div class=\"elementor-column elementor-col-100 elementor-top-column elementor-element elementor-element-56d4818\" data-id=\"56d4818\" data-element_type=\"column\">\n\t\t\t<div class=\"elementor-widget-wrap elementor-element-populated\">\n\t\t\t\t\t\t<div class=\"elementor-element elementor-element-b8e0d81 elementor-widget elementor-widget-image\" data-id=\"b8e0d81\" data-element_type=\"widget\" data-widget_type=\"image.default\">\n\t\t\t\t<div class=\"elementor-widget-container\">\n\t\t\t\t\t\t\t\t\t\t\t\t\t<img fetchpriority=\"high\" decoding=\"async\" width=\"1000\" height=\"1000\" src=\"https:\/\/anayasegurosconsultores.com\/wp-content\/uploads\/2023\/03\/Certificado.png\" class=\"attachment-full size-full wp-image-13790\" alt=\"\" srcset=\"https:\/\/anayasegurosconsultores.com\/wp-content\/uploads\/2023\/03\/Certificado.png 1000w, https:\/\/anayasegurosconsultores.com\/wp-content\/uploads\/2023\/03\/Certificado-300x300.png 300w, https:\/\/anayasegurosconsultores.com\/wp-content\/uploads\/2023\/03\/Certificado-150x150.png 150w, https:\/\/anayasegurosconsultores.com\/wp-content\/uploads\/2023\/03\/Certificado-768x768.png 768w, https:\/\/anayasegurosconsultores.com\/wp-content\/uploads\/2023\/03\/Certificado-370x370.png 370w, https:\/\/anayasegurosconsultores.com\/wp-content\/uploads\/2023\/03\/Certificado-800x800.png 800w, https:\/\/anayasegurosconsultores.com\/wp-content\/uploads\/2023\/03\/Certificado-130x130.png 130w\" sizes=\"(max-width: 1000px) 100vw, 1000px\" \/>\t\t\t\t\t\t\t\t\t\t\t\t\t<\/div>\n\t\t\t\t<\/div>\n\t\t\t\t\t<\/div>\n\t\t<\/div>\n\t\t\t\t\t<\/div>\n\t\t<\/section>\n\t\t\t\t<\/div>\n\t\t","protected":false},"excerpt":{"rendered":"<p>Dalila Anaya Urbina Sobre m\u00ed Actualmente en Anaya Seguros Consultores trabajamos con 6 compa\u00f1\u00edas de seguros en los diferentes ramos como son: Vida, Ahorro, Retiro, Seguro de Estudios Profesionales, Gastos M\u00e9dicos, Autos, Da\u00f1os PYME, Hogar, etc. Nuestro mayor objetivo es dar la mejor asesor\u00eda y servicio en la contrataci\u00f3n de cualquiera de los seguros antes [&hellip;]<\/p>\n","protected":false},"author":1,"featured_media":0,"parent":0,"menu_order":0,"comment_status":"closed","ping_status":"closed","template":"","meta":{"footnotes":""},"class_list":["post-633","page","type-page","status-publish","hentry"],"_links":{"self":[{"href":"https:\/\/anayasegurosconsultores.com\/index.php?rest_route=\/wp\/v2\/pages\/633","targetHints":{"allow":["GET"]}}],"collection":[{"href":"https:\/\/anayasegurosconsultores.com\/index.php?rest_route=\/wp\/v2\/pages"}],"about":[{"href":"https:\/\/anayasegurosconsultores.com\/index.php?rest_route=\/wp\/v2\/types\/page"}],"author":[{"embeddable":true,"href":"https:\/\/anayasegurosconsultores.com\/index.php?rest_route=\/wp\/v2\/users\/1"}],"replies":[{"embeddable":true,"href":"https:\/\/anayasegurosconsultores.com\/index.php?rest_route=%2Fwp%2Fv2%2Fcomments&post=633"}],"version-history":[{"count":9,"href":"https:\/\/anayasegurosconsultores.com\/index.php?rest_route=\/wp\/v2\/pages\/633\/revisions"}],"predecessor-version":[{"id":13996,"href":"https:\/\/anayasegurosconsultores.com\/index.php?rest_route=\/wp\/v2\/pages\/633\/revisions\/13996"}],"wp:attachment":[{"href":"https:\/\/anayasegurosconsultores.com\/index.php?rest_route=%2Fwp%2Fv2%2Fmedia&parent=633"}],"curies":[{"name":"wp","href":"https:\/\/api.w.org\/{rel}","templated":true}]}}